{"id":148,"date":"2025-09-24T15:54:15","date_gmt":"2025-09-24T15:54:15","guid":{"rendered":"https:\/\/dradaianepaloschi.com.br\/?page_id=148"},"modified":"2025-09-24T15:55:58","modified_gmt":"2025-09-24T15:55:58","slug":"tratamentos","status":"publish","type":"page","link":"https:\/\/dradaianepaloschi.com.br\/es\/tratamentos\/","title":{"rendered":"Tratamientos"},"content":{"rendered":"","protected":false},"excerpt":{"rendered":"","protected":false},"author":1,"featured_media":55,"parent":0,"menu_order":0,"comment_status":"closed","ping_status":"closed","template":"","meta":{"_daextam_enable_autolinks":"","footnotes":""},"class_list":["post-148","page","type-page","status-publish","has-post-thumbnail","hentry",""],"yoast_head":"<!-- This site is optimized with the Yoast SEO Premium plugin v25.4 (Yoast SEO v27.4) - https:\/\/yoast.com\/product\/yoast-seo-premium-wordpress\/ -->\n<title>Tratamentos<\/title>\n<meta name=\"robots\" content=\"index, follow, max-snippet:-1, max-image-preview:large, max-video-preview:-1\" \/>\n<link rel=\"canonical\" href=\"https:\/\/dradaianepaloschi.com.br\/es\/tratamentos\/\" \/>\n<meta property=\"og:locale\" content=\"es_ES\" \/>\n<meta property=\"og:type\" content=\"article\" \/>\n<meta property=\"og:title\" content=\"Tratamentos\" \/>\n<meta property=\"og:url\" content=\"https:\/\/dradaianepaloschi.com.br\/es\/tratamentos\/\" \/>\n<meta property=\"og:site_name\" content=\"Dra. Daiane Paloschi\" \/>\n<meta property=\"article:modified_time\" content=\"2025-09-24T15:55:58+00:00\" \/>\n<meta property=\"og:image\" content=\"https:\/\/dradaianepaloschi.com.br\/wp-content\/uploads\/2025\/01\/01-LOGO-RGB-QUADRADO.jpg\" \/>\n\t<meta property=\"og:image:width\" content=\"1920\" \/>\n\t<meta property=\"og:image:height\" content=\"1920\" \/>\n\t<meta property=\"og:image:type\" content=\"image\/jpeg\" \/>\n<meta name=\"twitter:card\" content=\"summary_large_image\" \/>\n<script type=\"application\/ld+json\" class=\"yoast-schema-graph\">{\"@context\":\"https:\\\/\\\/schema.org\",\"@graph\":[{\"@type\":\"WebPage\",\"@id\":\"https:\\\/\\\/dradaianepaloschi.com.br\\\/tratamentos\\\/\",\"url\":\"https:\\\/\\\/dradaianepaloschi.com.br\\\/tratamentos\\\/\",\"name\":\"Tratamentos\",\"isPartOf\":{\"@id\":\"https:\\\/\\\/dradaianepaloschi.com.br\\\/#website\"},\"primaryImageOfPage\":{\"@id\":\"https:\\\/\\\/dradaianepaloschi.com.br\\\/tratamentos\\\/#primaryimage\"},\"image\":{\"@id\":\"https:\\\/\\\/dradaianepaloschi.com.br\\\/tratamentos\\\/#primaryimage\"},\"thumbnailUrl\":\"https:\\\/\\\/dradaianepaloschi.com.br\\\/wp-content\\\/uploads\\\/2025\\\/01\\\/01-LOGO-RGB-QUADRADO.webp\",\"datePublished\":\"2025-09-24T15:54:15+00:00\",\"dateModified\":\"2025-09-24T15:55:58+00:00\",\"breadcrumb\":{\"@id\":\"https:\\\/\\\/dradaianepaloschi.com.br\\\/tratamentos\\\/#breadcrumb\"},\"inLanguage\":\"es\",\"potentialAction\":[{\"@type\":\"ReadAction\",\"target\":[\"https:\\\/\\\/dradaianepaloschi.com.br\\\/tratamentos\\\/\"]}]},{\"@type\":\"ImageObject\",\"inLanguage\":\"es\",\"@id\":\"https:\\\/\\\/dradaianepaloschi.com.br\\\/tratamentos\\\/#primaryimage\",\"url\":\"https:\\\/\\\/dradaianepaloschi.com.br\\\/wp-content\\\/uploads\\\/2025\\\/01\\\/01-LOGO-RGB-QUADRADO.webp\",\"contentUrl\":\"https:\\\/\\\/dradaianepaloschi.com.br\\\/wp-content\\\/uploads\\\/2025\\\/01\\\/01-LOGO-RGB-QUADRADO.webp\",\"width\":1920,\"height\":1920,\"caption\":\"Dra Daiane Paloschi Odontologia -Cirurgi\u00e3 Dentista - Especialista em Ronco e Apn\u00e9ia do Sono\"},{\"@type\":\"BreadcrumbList\",\"@id\":\"https:\\\/\\\/dradaianepaloschi.com.br\\\/tratamentos\\\/#breadcrumb\",\"itemListElement\":[{\"@type\":\"ListItem\",\"position\":1,\"name\":\"Home\",\"item\":\"https:\\\/\\\/dradaianepaloschi.com.br\\\/\"},{\"@type\":\"ListItem\",\"position\":2,\"name\":\"Tratamentos\"}]},{\"@type\":\"WebSite\",\"@id\":\"https:\\\/\\\/dradaianepaloschi.com.br\\\/#website\",\"url\":\"https:\\\/\\\/dradaianepaloschi.com.br\\\/\",\"name\":\"Dra. Daiane Palosci - Odontologia - Especialista em Ronco e Apn\u00e9ia do Sono\",\"description\":\"Cirurgi\u00e3 Dentista - Especialista em Ronco e Apn\u00e9ia do Sono\",\"publisher\":{\"@id\":\"https:\\\/\\\/dradaianepaloschi.com.br\\\/#organization\"},\"alternateName\":\"Dra. Daiane Palosci - Cirurgi\u00e3 Dentista - Especialista em Ronco e Apn\u00e9ia do Sono\",\"potentialAction\":[{\"@type\":\"SearchAction\",\"target\":{\"@type\":\"EntryPoint\",\"urlTemplate\":\"https:\\\/\\\/dradaianepaloschi.com.br\\\/?s={search_term_string}\"},\"query-input\":{\"@type\":\"PropertyValueSpecification\",\"valueRequired\":true,\"valueName\":\"search_term_string\"}}],\"inLanguage\":\"es\"},{\"@type\":\"Organization\",\"@id\":\"https:\\\/\\\/dradaianepaloschi.com.br\\\/#organization\",\"name\":\"Dra. Daiane Palosci - Cirurgi\u00e3 Dentista - Especialista em Ronco e Apn\u00e9ia do Sono\",\"alternateName\":\"Dra. Daiane Palosci - Odontologia - Especialista em Ronco e Apn\u00e9ia do Sono\",\"url\":\"https:\\\/\\\/dradaianepaloschi.com.br\\\/\",\"logo\":{\"@type\":\"ImageObject\",\"inLanguage\":\"es\",\"@id\":\"https:\\\/\\\/dradaianepaloschi.com.br\\\/#\\\/schema\\\/logo\\\/image\\\/\",\"url\":\"https:\\\/\\\/dradaianepaloschi.com.br\\\/wp-content\\\/uploads\\\/2025\\\/01\\\/01-LOGO-RGB-QUADRADO.jpg\",\"contentUrl\":\"https:\\\/\\\/dradaianepaloschi.com.br\\\/wp-content\\\/uploads\\\/2025\\\/01\\\/01-LOGO-RGB-QUADRADO.jpg\",\"width\":1920,\"height\":1920,\"caption\":\"Dra. Daiane Palosci - Cirurgi\u00e3 Dentista - Especialista em Ronco e Apn\u00e9ia do Sono\"},\"image\":{\"@id\":\"https:\\\/\\\/dradaianepaloschi.com.br\\\/#\\\/schema\\\/logo\\\/image\\\/\"},\"sameAs\":[\"https:\\\/\\\/www.instagram.com\\\/dra.daipaloschi\\\/\",\"https:\\\/\\\/share.google\\\/aMXg1GzzLbdJn18kk\",\"https:\\\/\\\/www.ident.com.br\\\/Dra.Dai\\\/perfil-completo\"],\"email\":\"contato@dradaianepaloschi.com.br\",\"telephone\":\"+55 21 99622-9549\",\"foundingDate\":\"2010-01-02\",\"numberOfEmployees\":{\"@type\":\"QuantitativeValue\",\"minValue\":\"1\",\"maxValue\":\"10\"}}]}<\/script>\n<!-- \/ Yoast SEO Premium plugin. -->","yoast_head_json":{"title":"Tratamientos","robots":{"index":"index","follow":"follow","max-snippet":"max-snippet:-1","max-image-preview":"max-image-preview:large","max-video-preview":"max-video-preview:-1"},"canonical":"https:\/\/dradaianepaloschi.com.br\/es\/tratamentos\/","og_locale":"es_ES","og_type":"article","og_title":"Tratamentos","og_url":"https:\/\/dradaianepaloschi.com.br\/es\/tratamentos\/","og_site_name":"Dra. Daiane Paloschi","article_modified_time":"2025-09-24T15:55:58+00:00","og_image":[{"width":1920,"height":1920,"url":"https:\/\/dradaianepaloschi.com.br\/wp-content\/uploads\/2025\/01\/01-LOGO-RGB-QUADRADO.jpg","type":"image\/jpeg"}],"twitter_card":"summary_large_image","schema":{"@context":"https:\/\/schema.org","@graph":[{"@type":"WebPage","@id":"https:\/\/dradaianepaloschi.com.br\/tratamentos\/","url":"https:\/\/dradaianepaloschi.com.br\/tratamentos\/","name":"Tratamientos","isPartOf":{"@id":"https:\/\/dradaianepaloschi.com.br\/#website"},"primaryImageOfPage":{"@id":"https:\/\/dradaianepaloschi.com.br\/tratamentos\/#primaryimage"},"image":{"@id":"https:\/\/dradaianepaloschi.com.br\/tratamentos\/#primaryimage"},"thumbnailUrl":"https:\/\/dradaianepaloschi.com.br\/wp-content\/uploads\/2025\/01\/01-LOGO-RGB-QUADRADO.webp","datePublished":"2025-09-24T15:54:15+00:00","dateModified":"2025-09-24T15:55:58+00:00","breadcrumb":{"@id":"https:\/\/dradaianepaloschi.com.br\/tratamentos\/#breadcrumb"},"inLanguage":"es","potentialAction":[{"@type":"ReadAction","target":["https:\/\/dradaianepaloschi.com.br\/tratamentos\/"]}]},{"@type":"ImageObject","inLanguage":"es","@id":"https:\/\/dradaianepaloschi.com.br\/tratamentos\/#primaryimage","url":"https:\/\/dradaianepaloschi.com.br\/wp-content\/uploads\/2025\/01\/01-LOGO-RGB-QUADRADO.webp","contentUrl":"https:\/\/dradaianepaloschi.com.br\/wp-content\/uploads\/2025\/01\/01-LOGO-RGB-QUADRADO.webp","width":1920,"height":1920,"caption":"Dra Daiane Paloschi Odontologia -Cirurgi\u00e3 Dentista - Especialista em Ronco e Apn\u00e9ia do Sono"},{"@type":"BreadcrumbList","@id":"https:\/\/dradaianepaloschi.com.br\/tratamentos\/#breadcrumb","itemListElement":[{"@type":"ListItem","position":1,"name":"Home","item":"https:\/\/dradaianepaloschi.com.br\/"},{"@type":"ListItem","position":2,"name":"Tratamentos"}]},{"@type":"WebSite","@id":"https:\/\/dradaianepaloschi.com.br\/#website","url":"https:\/\/dradaianepaloschi.com.br\/","name":"Dra. Daiane Palosci - Odontologia - Especialista em Ronco e Apn\u00e9ia do Sono","description":"Cirurgi\u00e3 Dentista - Especialista em Ronco e Apn\u00e9ia do Sono","publisher":{"@id":"https:\/\/dradaianepaloschi.com.br\/#organization"},"alternateName":"Dra. Daiane Palosci - Cirurgi\u00e3 Dentista - Especialista em Ronco e Apn\u00e9ia do Sono","potentialAction":[{"@type":"SearchAction","target":{"@type":"EntryPoint","urlTemplate":"https:\/\/dradaianepaloschi.com.br\/?s={search_term_string}"},"query-input":{"@type":"PropertyValueSpecification","valueRequired":true,"valueName":"search_term_string"}}],"inLanguage":"es"},{"@type":"Organization","@id":"https:\/\/dradaianepaloschi.com.br\/#organization","name":"Dra. Daiane Palosci - Cirurgi\u00e3 Dentista - Especialista em Ronco e Apn\u00e9ia do Sono","alternateName":"Dra. Daiane Palosci - Odontologia - Especialista em Ronco e Apn\u00e9ia do Sono","url":"https:\/\/dradaianepaloschi.com.br\/","logo":{"@type":"ImageObject","inLanguage":"es","@id":"https:\/\/dradaianepaloschi.com.br\/#\/schema\/logo\/image\/","url":"https:\/\/dradaianepaloschi.com.br\/wp-content\/uploads\/2025\/01\/01-LOGO-RGB-QUADRADO.jpg","contentUrl":"https:\/\/dradaianepaloschi.com.br\/wp-content\/uploads\/2025\/01\/01-LOGO-RGB-QUADRADO.jpg","width":1920,"height":1920,"caption":"Dra. Daiane Palosci - Cirurgi\u00e3 Dentista - Especialista em Ronco e Apn\u00e9ia do Sono"},"image":{"@id":"https:\/\/dradaianepaloschi.com.br\/#\/schema\/logo\/image\/"},"sameAs":["https:\/\/www.instagram.com\/dra.daipaloschi\/","https:\/\/share.google\/aMXg1GzzLbdJn18kk","https:\/\/www.ident.com.br\/Dra.Dai\/perfil-completo"],"email":"contato@dradaianepaloschi.com.br","telephone":"+55 21 99622-9549","foundingDate":"2010-01-02","numberOfEmployees":{"@type":"QuantitativeValue","minValue":"1","maxValue":"10"}}]}},"_links":{"self":[{"href":"https:\/\/dradaianepaloschi.com.br\/es\/wp-json\/wp\/v2\/pages\/148","targetHints":{"allow":["GET"]}}],"collection":[{"href":"https:\/\/dradaianepaloschi.com.br\/es\/wp-json\/wp\/v2\/pages"}],"about":[{"href":"https:\/\/dradaianepaloschi.com.br\/es\/wp-json\/wp\/v2\/types\/page"}],"author":[{"embeddable":true,"href":"https:\/\/dradaianepaloschi.com.br\/es\/wp-json\/wp\/v2\/users\/1"}],"replies":[{"embeddable":true,"href":"https:\/\/dradaianepaloschi.com.br\/es\/wp-json\/wp\/v2\/comments?post=148"}],"version-history":[{"count":0,"href":"https:\/\/dradaianepaloschi.com.br\/es\/wp-json\/wp\/v2\/pages\/148\/revisions"}],"wp:featuredmedia":[{"embeddable":true,"href":"https:\/\/dradaianepaloschi.com.br\/es\/wp-json\/wp\/v2\/media\/55"}],"wp:attachment":[{"href":"https:\/\/dradaianepaloschi.com.br\/es\/wp-json\/wp\/v2\/media?parent=148"}],"curies":[{"name":"wp","href":"https:\/\/api.w.org\/{rel}","templated":true}]}}