{"id":147,"date":"2025-09-24T15:54:10","date_gmt":"2025-09-24T15:54:10","guid":{"rendered":"https:\/\/dradaianepaloschi.com.br\/?page_id=147"},"modified":"2026-04-18T00:06:04","modified_gmt":"2026-04-18T00:06:04","slug":"dra-daiane-paloschi","status":"publish","type":"page","link":"https:\/\/dradaianepaloschi.com.br\/es\/dra-daiane-paloschi\/","title":{"rendered":"Dra. Daiane Paloschi"},"content":{"rendered":"<p>Sou Cirurgi\u00e3-dentista com mais de 15 anos de experi\u00eancia cl\u00ednica, atuando de forma integrada nas diversas especialidades odontol\u00f3gicas. Propriet\u00e1ria de cl\u00ednica odontol\u00f3gica no <a href=\"https:\/\/maps.app.goo.gl\/F2fSMn7unM8Zv8FL7\">Rio de Janeiro<\/a> desde 2020, com p\u00f3s-gradua\u00e7\u00e3o em Implantodontia e Pr\u00f3tese Dent\u00e1ria pela S\u00e3o Leopoldo Mandic.<\/p>\n\n\n\n<p>Especialista em Bruxismo, Ronco e Apneia do Sono, capacitada pelo M\u00e9todo PowerDoctor na indica\u00e7\u00e3o e adapta\u00e7\u00e3o de aparelho intraoral (AIO). Realizo diagn\u00f3stico, manejo cl\u00ednico e planos de tratamento personalizados para melhorar a qualidade do sono de cada paciente. Entre em contato e agende sua consulta.<\/p>\n\n\n\n<div style=\"height:50px\" aria-hidden=\"true\" class=\"wp-block-spacer\"><\/div>\n\n\n\n<h2 class=\"wp-block-heading\" id=\"h-formacao-academica\">Forma\u00e7\u00e3o Acad\u00eamica<\/h2>\n\n\n\n<p>\u2022 Gradua\u00e7\u00e3o em Odontologia \u2013 Universidade Federal de Pelotas (2010)<br>\u2022 P\u00f3s-gradua\u00e7\u00e3o em Implantodontia \u2013 S\u00e3o Leopoldo Mandic (2019)<br>\u2022 P\u00f3s-gradua\u00e7\u00e3o em Pr\u00f3tese Dent\u00e1ria \u2013 S\u00e3o Leopoldo Mandic (2019)<\/p>\n\n\n\n<div style=\"height:50px\" aria-hidden=\"true\" class=\"wp-block-spacer\"><\/div>\n\n\n\n<h3 class=\"wp-block-heading\" id=\"h-formacao-complementar-e-atualizacoes\">Forma\u00e7\u00e3o Complementar e Atualiza\u00e7\u00f5es<\/h3>\n\n\n\n<p>\u2022 Atualiza\u00e7\u00e3o em Implantodontia \u2013 CEVO (2022)<br>\u2022 Capacita\u00e7\u00e3o em Ronco e Apneia do Sono \u2013 M\u00e9todo PowerDoctor<br>\u2022\u2060 \u2060Diagn\u00f3stico e manejo cl\u00ednico do ronco e apneia<br>\u2022\u2060 \u2060Indica\u00e7\u00e3o e adapta\u00e7\u00e3o de aparelho intraoral (AIO)<br>\u2022\u2060 \u2060Avalia\u00e7\u00e3o interdisciplinar com foco em qualidade do sono<br>\u2022 Especializa\u00e7\u00e3o em Bruxismo, Ronco e Apneia do Sono (em andamento)<\/p>\n\n\n\n<div style=\"height:50px\" aria-hidden=\"true\" class=\"wp-block-spacer\"><\/div>\n\n\n\n<h3 class=\"wp-block-heading\" id=\"h-areas-de-atuacao\">\u00c1reas de Atua\u00e7\u00e3o:<\/h3>\n\n\n\n<p id=\"h-areas-de-atuacao-odontologia-do-sono-ronco-e-apneia-reabilitacao-oral-e-protese-implantodontia-atendimento-clinico-integrado\">\u2022 Odontologia do Sono (Ronco e Apneia)<br>\u2022 Reabilita\u00e7\u00e3o Oral e Pr\u00f3tese<br>\u2022 Implantodontia<br>\u2022 Atendimento cl\u00ednico integrado<\/p>","protected":false},"excerpt":{"rendered":"<p>Sou Cirurgi\u00e3-dentista com mais de 15 anos de experi\u00eancia cl\u00ednica, atuando de forma integrada nas diversas especialidades odontol\u00f3gicas. Propriet\u00e1ria de cl\u00ednica odontol\u00f3gica no Rio de Janeiro desde 2020, com p\u00f3s-gradua\u00e7\u00e3o em Implantodontia e Pr\u00f3tese Dent\u00e1ria pela S\u00e3o Leopoldo Mandic. Especialista em Bruxismo, Ronco e Apneia do Sono, capacitada pelo M\u00e9todo PowerDoctor na indica\u00e7\u00e3o e adapta\u00e7\u00e3o [&hellip;]<\/p>\n","protected":false},"author":1,"featured_media":55,"parent":0,"menu_order":0,"comment_status":"closed","ping_status":"closed","template":"","meta":{"_daextam_enable_autolinks":"1","footnotes":""},"class_list":["post-147","page","type-page","status-publish","has-post-thumbnail","hentry",""],"yoast_head":"<!-- This site is optimized with the Yoast SEO Premium plugin v25.4 (Yoast SEO v27.4) - https:\/\/yoast.com\/product\/yoast-seo-premium-wordpress\/ -->\n<title>Dra. Daiane Paloschi<\/title>\n<meta name=\"description\" content=\"Sou Dra. Daiane Paloschi, Cirurgi\u00e3-dentista com mais de 15 anos de experi\u00eancia, especialista em Ronco, Apneia do Sono e Bruxismo.\" \/>\n<meta name=\"robots\" content=\"index, follow, max-snippet:-1, max-image-preview:large, max-video-preview:-1\" \/>\n<link rel=\"canonical\" href=\"https:\/\/dradaianepaloschi.com.br\/es\/dra-daiane-paloschi\/\" \/>\n<meta property=\"og:locale\" content=\"es_ES\" \/>\n<meta property=\"og:type\" content=\"article\" \/>\n<meta property=\"og:title\" content=\"Dra. Daiane Paloschi\" \/>\n<meta property=\"og:description\" content=\"Sou Dra. Daiane Paloschi, Cirurgi\u00e3-dentista com mais de 15 anos de experi\u00eancia, especialista em Ronco, Apneia do Sono e Bruxismo.\" \/>\n<meta property=\"og:url\" content=\"https:\/\/dradaianepaloschi.com.br\/es\/dra-daiane-paloschi\/\" \/>\n<meta property=\"og:site_name\" content=\"Dra. Daiane Paloschi\" \/>\n<meta property=\"article:modified_time\" content=\"2026-04-18T00:06:04+00:00\" \/>\n<meta property=\"og:image\" content=\"https:\/\/dradaianepaloschi.com.br\/wp-content\/uploads\/2025\/01\/01-LOGO-RGB-QUADRADO.webp\" \/>\n\t<meta property=\"og:image:width\" content=\"1920\" \/>\n\t<meta property=\"og:image:height\" content=\"1920\" \/>\n\t<meta property=\"og:image:type\" content=\"image\/jpeg\" \/>\n<meta name=\"twitter:card\" content=\"summary_large_image\" \/>\n<meta name=\"twitter:label1\" content=\"Tiempo de lectura\" \/>\n\t<meta name=\"twitter:data1\" content=\"2 minutos\" \/>\n<script type=\"application\/ld+json\" class=\"yoast-schema-graph\">{\"@context\":\"https:\\\/\\\/schema.org\",\"@graph\":[{\"@type\":\"WebPage\",\"@id\":\"https:\\\/\\\/dradaianepaloschi.com.br\\\/dra-daiane-paloschi\\\/\",\"url\":\"https:\\\/\\\/dradaianepaloschi.com.br\\\/dra-daiane-paloschi\\\/\",\"name\":\"Dra. Daiane Paloschi\",\"isPartOf\":{\"@id\":\"https:\\\/\\\/dradaianepaloschi.com.br\\\/#website\"},\"primaryImageOfPage\":{\"@id\":\"https:\\\/\\\/dradaianepaloschi.com.br\\\/dra-daiane-paloschi\\\/#primaryimage\"},\"image\":{\"@id\":\"https:\\\/\\\/dradaianepaloschi.com.br\\\/dra-daiane-paloschi\\\/#primaryimage\"},\"thumbnailUrl\":\"https:\\\/\\\/dradaianepaloschi.com.br\\\/wp-content\\\/uploads\\\/2025\\\/01\\\/01-LOGO-RGB-QUADRADO.webp\",\"datePublished\":\"2025-09-24T15:54:10+00:00\",\"dateModified\":\"2026-04-18T00:06:04+00:00\",\"description\":\"Sou Dra. Daiane Paloschi, Cirurgi\u00e3-dentista com mais de 15 anos de experi\u00eancia, especialista em Ronco, Apneia do Sono e Bruxismo.\",\"breadcrumb\":{\"@id\":\"https:\\\/\\\/dradaianepaloschi.com.br\\\/dra-daiane-paloschi\\\/#breadcrumb\"},\"inLanguage\":\"es\",\"potentialAction\":[{\"@type\":\"ReadAction\",\"target\":[\"https:\\\/\\\/dradaianepaloschi.com.br\\\/dra-daiane-paloschi\\\/\"]}]},{\"@type\":\"ImageObject\",\"inLanguage\":\"es\",\"@id\":\"https:\\\/\\\/dradaianepaloschi.com.br\\\/dra-daiane-paloschi\\\/#primaryimage\",\"url\":\"https:\\\/\\\/dradaianepaloschi.com.br\\\/wp-content\\\/uploads\\\/2025\\\/01\\\/01-LOGO-RGB-QUADRADO.webp\",\"contentUrl\":\"https:\\\/\\\/dradaianepaloschi.com.br\\\/wp-content\\\/uploads\\\/2025\\\/01\\\/01-LOGO-RGB-QUADRADO.webp\",\"width\":1920,\"height\":1920,\"caption\":\"Dra Daiane Paloschi Odontologia -Cirurgi\u00e3 Dentista - Especialista em Ronco e Apn\u00e9ia do Sono\"},{\"@type\":\"BreadcrumbList\",\"@id\":\"https:\\\/\\\/dradaianepaloschi.com.br\\\/dra-daiane-paloschi\\\/#breadcrumb\",\"itemListElement\":[{\"@type\":\"ListItem\",\"position\":1,\"name\":\"Home\",\"item\":\"https:\\\/\\\/dradaianepaloschi.com.br\\\/\"},{\"@type\":\"ListItem\",\"position\":2,\"name\":\"Dra. Daiane Paloschi\"}]},{\"@type\":\"WebSite\",\"@id\":\"https:\\\/\\\/dradaianepaloschi.com.br\\\/#website\",\"url\":\"https:\\\/\\\/dradaianepaloschi.com.br\\\/\",\"name\":\"Dra. Daiane Palosci - Odontologia - Especialista em Ronco e Apn\u00e9ia do Sono\",\"description\":\"Cirurgi\u00e3 Dentista - Especialista em Ronco e Apn\u00e9ia do Sono\",\"publisher\":{\"@id\":\"https:\\\/\\\/dradaianepaloschi.com.br\\\/#organization\"},\"alternateName\":\"Dra. Daiane Palosci - Cirurgi\u00e3 Dentista - Especialista em Ronco e Apn\u00e9ia do Sono\",\"potentialAction\":[{\"@type\":\"SearchAction\",\"target\":{\"@type\":\"EntryPoint\",\"urlTemplate\":\"https:\\\/\\\/dradaianepaloschi.com.br\\\/?s={search_term_string}\"},\"query-input\":{\"@type\":\"PropertyValueSpecification\",\"valueRequired\":true,\"valueName\":\"search_term_string\"}}],\"inLanguage\":\"es\"},{\"@type\":\"Organization\",\"@id\":\"https:\\\/\\\/dradaianepaloschi.com.br\\\/#organization\",\"name\":\"Dra. Daiane Palosci - Cirurgi\u00e3 Dentista - Especialista em Ronco e Apn\u00e9ia do Sono\",\"alternateName\":\"Dra. Daiane Palosci - Odontologia - Especialista em Ronco e Apn\u00e9ia do Sono\",\"url\":\"https:\\\/\\\/dradaianepaloschi.com.br\\\/\",\"logo\":{\"@type\":\"ImageObject\",\"inLanguage\":\"es\",\"@id\":\"https:\\\/\\\/dradaianepaloschi.com.br\\\/#\\\/schema\\\/logo\\\/image\\\/\",\"url\":\"https:\\\/\\\/dradaianepaloschi.com.br\\\/wp-content\\\/uploads\\\/2025\\\/01\\\/01-LOGO-RGB-QUADRADO.jpg\",\"contentUrl\":\"https:\\\/\\\/dradaianepaloschi.com.br\\\/wp-content\\\/uploads\\\/2025\\\/01\\\/01-LOGO-RGB-QUADRADO.jpg\",\"width\":1920,\"height\":1920,\"caption\":\"Dra. Daiane Palosci - Cirurgi\u00e3 Dentista - Especialista em Ronco e Apn\u00e9ia do Sono\"},\"image\":{\"@id\":\"https:\\\/\\\/dradaianepaloschi.com.br\\\/#\\\/schema\\\/logo\\\/image\\\/\"},\"sameAs\":[\"https:\\\/\\\/www.instagram.com\\\/dra.daipaloschi\\\/\",\"https:\\\/\\\/share.google\\\/aMXg1GzzLbdJn18kk\",\"https:\\\/\\\/www.ident.com.br\\\/Dra.Dai\\\/perfil-completo\"],\"email\":\"contato@dradaianepaloschi.com.br\",\"telephone\":\"+55 21 99622-9549\",\"foundingDate\":\"2010-01-02\",\"numberOfEmployees\":{\"@type\":\"QuantitativeValue\",\"minValue\":\"1\",\"maxValue\":\"10\"}}]}<\/script>\n<!-- \/ Yoast SEO Premium plugin. -->","yoast_head_json":{"title":"Dra. Daiane Paloschi","description":"Sou Dra. Daiane Paloschi, Cirurgi\u00e3-dentista com mais de 15 anos de experi\u00eancia, especialista em Ronco, Apneia do Sono e Bruxismo.","robots":{"index":"index","follow":"follow","max-snippet":"max-snippet:-1","max-image-preview":"max-image-preview:large","max-video-preview":"max-video-preview:-1"},"canonical":"https:\/\/dradaianepaloschi.com.br\/es\/dra-daiane-paloschi\/","og_locale":"es_ES","og_type":"article","og_title":"Dra. Daiane Paloschi","og_description":"Sou Dra. Daiane Paloschi, Cirurgi\u00e3-dentista com mais de 15 anos de experi\u00eancia, especialista em Ronco, Apneia do Sono e Bruxismo.","og_url":"https:\/\/dradaianepaloschi.com.br\/es\/dra-daiane-paloschi\/","og_site_name":"Dra. Daiane Paloschi","article_modified_time":"2026-04-18T00:06:04+00:00","og_image":[{"width":1920,"height":1920,"url":"https:\/\/dradaianepaloschi.com.br\/wp-content\/uploads\/2025\/01\/01-LOGO-RGB-QUADRADO.webp","type":"image\/jpeg"}],"twitter_card":"summary_large_image","twitter_misc":{"Tiempo de lectura":"2 minutos"},"schema":{"@context":"https:\/\/schema.org","@graph":[{"@type":"WebPage","@id":"https:\/\/dradaianepaloschi.com.br\/dra-daiane-paloschi\/","url":"https:\/\/dradaianepaloschi.com.br\/dra-daiane-paloschi\/","name":"Dra. Daiane Paloschi","isPartOf":{"@id":"https:\/\/dradaianepaloschi.com.br\/#website"},"primaryImageOfPage":{"@id":"https:\/\/dradaianepaloschi.com.br\/dra-daiane-paloschi\/#primaryimage"},"image":{"@id":"https:\/\/dradaianepaloschi.com.br\/dra-daiane-paloschi\/#primaryimage"},"thumbnailUrl":"https:\/\/dradaianepaloschi.com.br\/wp-content\/uploads\/2025\/01\/01-LOGO-RGB-QUADRADO.webp","datePublished":"2025-09-24T15:54:10+00:00","dateModified":"2026-04-18T00:06:04+00:00","description":"Sou Dra. Daiane Paloschi, Cirurgi\u00e3-dentista com mais de 15 anos de experi\u00eancia, especialista em Ronco, Apneia do Sono e Bruxismo.","breadcrumb":{"@id":"https:\/\/dradaianepaloschi.com.br\/dra-daiane-paloschi\/#breadcrumb"},"inLanguage":"es","potentialAction":[{"@type":"ReadAction","target":["https:\/\/dradaianepaloschi.com.br\/dra-daiane-paloschi\/"]}]},{"@type":"ImageObject","inLanguage":"es","@id":"https:\/\/dradaianepaloschi.com.br\/dra-daiane-paloschi\/#primaryimage","url":"https:\/\/dradaianepaloschi.com.br\/wp-content\/uploads\/2025\/01\/01-LOGO-RGB-QUADRADO.webp","contentUrl":"https:\/\/dradaianepaloschi.com.br\/wp-content\/uploads\/2025\/01\/01-LOGO-RGB-QUADRADO.webp","width":1920,"height":1920,"caption":"Dra Daiane Paloschi Odontologia -Cirurgi\u00e3 Dentista - Especialista em Ronco e Apn\u00e9ia do Sono"},{"@type":"BreadcrumbList","@id":"https:\/\/dradaianepaloschi.com.br\/dra-daiane-paloschi\/#breadcrumb","itemListElement":[{"@type":"ListItem","position":1,"name":"Home","item":"https:\/\/dradaianepaloschi.com.br\/"},{"@type":"ListItem","position":2,"name":"Dra. Daiane Paloschi"}]},{"@type":"WebSite","@id":"https:\/\/dradaianepaloschi.com.br\/#website","url":"https:\/\/dradaianepaloschi.com.br\/","name":"Dra. Daiane Palosci - Odontologia - Especialista em Ronco e Apn\u00e9ia do Sono","description":"Cirurgi\u00e3 Dentista - Especialista em Ronco e Apn\u00e9ia do Sono","publisher":{"@id":"https:\/\/dradaianepaloschi.com.br\/#organization"},"alternateName":"Dra. Daiane Palosci - Cirurgi\u00e3 Dentista - Especialista em Ronco e Apn\u00e9ia do Sono","potentialAction":[{"@type":"SearchAction","target":{"@type":"EntryPoint","urlTemplate":"https:\/\/dradaianepaloschi.com.br\/?s={search_term_string}"},"query-input":{"@type":"PropertyValueSpecification","valueRequired":true,"valueName":"search_term_string"}}],"inLanguage":"es"},{"@type":"Organization","@id":"https:\/\/dradaianepaloschi.com.br\/#organization","name":"Dra. Daiane Palosci - Cirurgi\u00e3 Dentista - Especialista em Ronco e Apn\u00e9ia do Sono","alternateName":"Dra. Daiane Palosci - Odontologia - Especialista em Ronco e Apn\u00e9ia do Sono","url":"https:\/\/dradaianepaloschi.com.br\/","logo":{"@type":"ImageObject","inLanguage":"es","@id":"https:\/\/dradaianepaloschi.com.br\/#\/schema\/logo\/image\/","url":"https:\/\/dradaianepaloschi.com.br\/wp-content\/uploads\/2025\/01\/01-LOGO-RGB-QUADRADO.jpg","contentUrl":"https:\/\/dradaianepaloschi.com.br\/wp-content\/uploads\/2025\/01\/01-LOGO-RGB-QUADRADO.jpg","width":1920,"height":1920,"caption":"Dra. Daiane Palosci - Cirurgi\u00e3 Dentista - Especialista em Ronco e Apn\u00e9ia do Sono"},"image":{"@id":"https:\/\/dradaianepaloschi.com.br\/#\/schema\/logo\/image\/"},"sameAs":["https:\/\/www.instagram.com\/dra.daipaloschi\/","https:\/\/share.google\/aMXg1GzzLbdJn18kk","https:\/\/www.ident.com.br\/Dra.Dai\/perfil-completo"],"email":"contato@dradaianepaloschi.com.br","telephone":"+55 21 99622-9549","foundingDate":"2010-01-02","numberOfEmployees":{"@type":"QuantitativeValue","minValue":"1","maxValue":"10"}}]}},"_links":{"self":[{"href":"https:\/\/dradaianepaloschi.com.br\/es\/wp-json\/wp\/v2\/pages\/147","targetHints":{"allow":["GET"]}}],"collection":[{"href":"https:\/\/dradaianepaloschi.com.br\/es\/wp-json\/wp\/v2\/pages"}],"about":[{"href":"https:\/\/dradaianepaloschi.com.br\/es\/wp-json\/wp\/v2\/types\/page"}],"author":[{"embeddable":true,"href":"https:\/\/dradaianepaloschi.com.br\/es\/wp-json\/wp\/v2\/users\/1"}],"replies":[{"embeddable":true,"href":"https:\/\/dradaianepaloschi.com.br\/es\/wp-json\/wp\/v2\/comments?post=147"}],"version-history":[{"count":0,"href":"https:\/\/dradaianepaloschi.com.br\/es\/wp-json\/wp\/v2\/pages\/147\/revisions"}],"wp:featuredmedia":[{"embeddable":true,"href":"https:\/\/dradaianepaloschi.com.br\/es\/wp-json\/wp\/v2\/media\/55"}],"wp:attachment":[{"href":"https:\/\/dradaianepaloschi.com.br\/es\/wp-json\/wp\/v2\/media?parent=147"}],"curies":[{"name":"wp","href":"https:\/\/api.w.org\/{rel}","templated":true}]}}