{"id":145,"date":"2025-09-24T15:53:49","date_gmt":"2025-09-24T15:53:49","guid":{"rendered":"https:\/\/dradaianepaloschi.com.br\/?page_id=145"},"modified":"2025-09-25T14:52:45","modified_gmt":"2025-09-25T14:52:45","slug":"contato","status":"publish","type":"page","link":"https:\/\/dradaianepaloschi.com.br\/es\/contato\/","title":{"rendered":"P\u00f3ngase en contacto con"},"content":{"rendered":"<div class=\"wpb-content-wrapper\"><div data-vc-full-width=\"true\" data-vc-full-width-init=\"false\" class=\"vc_row wpb_row vc_row-fluid un-row-full-width\"><div class=\"container-fluid\"><div class=\"row\"><div class=\"wpb_column vc_column_container vc_col-sm-1\"><div class=\"vc_column-inner\"><div class=\"wpb_wrapper\"><\/div><\/div><\/div><div class=\"wpb_column vc_column_container vc_col-sm-10\"><div class=\"vc_column-inner\"><div class=\"wpb_wrapper\">\n\t<div class=\"wpb_raw_code wpb_raw_html wpb_content_element\" >\n\t\t<div class=\"wpb_wrapper\">\n\t\t\t<h1>Contato<\/h1>\n\t\t<\/div>\n\t<\/div>\n<div class=\"vc_row wpb_row vc_inner vc_row-fluid\"><div class=\"wpb_column vc_column_container vc_col-sm-6\"><div class=\"vc_column-inner\"><div class=\"wpb_wrapper\">\n\t<div class=\"wpb_raw_code wpb_raw_html wpb_content_element\" >\n\t\t<div class=\"wpb_wrapper\">\n\t\t\t<style id=\"wpforms-css-vars-397\">\n\t\t\t\t#wpforms-397 {\n\t\t\t\t--wpforms-container-padding: 0px;\n--wpforms-container-border-width: 1px;\n--wpforms-container-border-radius: 3px;\n--wpforms-background-color: rgba(0, 0, 0, 0);\n--wpforms-field-size-input-height: 43px;\n--wpforms-field-size-input-spacing: 15px;\n--wpforms-field-size-font-size: 16px;\n--wpforms-field-size-line-height: 19px;\n--wpforms-field-size-padding-h: 14px;\n--wpforms-field-size-checkbox-size: 16px;\n--wpforms-field-size-sublabel-spacing: 5px;\n--wpforms-field-size-icon-size: 1;\n--wpforms-label-size-font-size: 16px;\n--wpforms-label-size-line-height: 19px;\n--wpforms-label-size-sublabel-font-size: 14px;\n--wpforms-label-size-sublabel-line-height: 17px;\n--wpforms-button-size-font-size: 17px;\n--wpforms-button-size-height: 41px;\n--wpforms-button-size-padding-h: 15px;\n--wpforms-button-size-margin-top: 10px;\n--wpforms-container-shadow-size-box-shadow: none;\n\t\t\t}\n\t\t\t<\/style><div class=\"wpforms-container wpforms-container-full wpforms-render-modern\" id=\"wpforms-397\"><form id=\"wpforms-form-397\" class=\"wpforms-validate wpforms-form wpforms-ajax-form\" data-formid=\"397\" method=\"post\" enctype=\"multipart\/form-data\" action=\"\/es\/wp-json\/wp\/v2\/pages\/145\" data-token=\"008c9cadcddf379cdc351c13ea6b835f\" data-token-time=\"1776981761\"><noscript class=\"wpforms-error-noscript\">Por favor, activa JavaScript en tu navegador para completar este formulario.<\/noscript><div id=\"wpforms-error-noscript\" style=\"display: none;\">Por favor, activa JavaScript en tu navegador para completar este formulario.<\/div><div class=\"wpforms-field-container\"><div id=\"wpforms-397-field_1-container\" class=\"wpforms-field wpforms-field-name\" data-field-id=\"1\"><label class=\"wpforms-field-label\" for=\"wpforms-397-field_1\">Nome e sobrenome <span class=\"wpforms-required-label\" aria-hidden=\"true\">*<\/span><\/label><input type=\"text\" id=\"wpforms-397-field_1\" class=\"wpforms-field-medium wpforms-field-required\" name=\"wpforms[fields][1]\" aria-errormessage=\"wpforms-397-field_1-error\" required><\/div>\t\t<div id=\"wpforms-397-field_7-container\"\n\t\t\tclass=\"wpforms-field wpforms-field-text\"\n\t\t\tdata-field-type=\"text\"\n\t\t\tdata-field-id=\"7\"\n\t\t\t>\n\t\t\t<label class=\"wpforms-field-label\" for=\"wpforms-397-field_7\" >E-mail Whatsapp Nome<\/label>\n\t\t\t<input type=\"text\" id=\"wpforms-397-field_7\" class=\"wpforms-field-medium\" name=\"wpforms[fields][7]\" >\n\t\t<\/div>\n\t\t<div id=\"wpforms-397-field_2-container\" class=\"wpforms-field wpforms-field-email\" data-field-id=\"2\"><label class=\"wpforms-field-label\" for=\"wpforms-397-field_2\">E-mail <span class=\"wpforms-required-label\" aria-hidden=\"true\">*<\/span><\/label><input type=\"email\" id=\"wpforms-397-field_2\" class=\"wpforms-field-medium wpforms-field-required\" name=\"wpforms[fields][2]\" spellcheck=\"false\" aria-errormessage=\"wpforms-397-field_2-error\" required><\/div><div id=\"wpforms-397-field_5-container\" class=\"wpforms-field wpforms-field-number\" data-field-id=\"5\"><label class=\"wpforms-field-label\" for=\"wpforms-397-field_5\">Telefone \/ Whatsapp<\/label><input type=\"number\" id=\"wpforms-397-field_5\" class=\"wpforms-field-medium\" name=\"wpforms[fields][5]\" step=\"any\" aria-errormessage=\"wpforms-397-field_5-error\" ><\/div><div id=\"wpforms-397-field_4-container\" class=\"wpforms-field wpforms-field-checkbox\" data-field-id=\"4\"><fieldset><legend class=\"wpforms-field-label\">Motivo do contato<\/legend><ul id=\"wpforms-397-field_4\"><li class=\"choice-1 depth-1 wpforms-selected\"><input type=\"checkbox\" id=\"wpforms-397-field_4_1\" name=\"wpforms[fields][4][]\" value=\"Primeira Consulta\" aria-errormessage=\"wpforms-397-field_4_1-error\"   checked='checked'><label class=\"wpforms-field-label-inline\" for=\"wpforms-397-field_4_1\">Primeira Consulta<\/label><\/li><li class=\"choice-2 depth-1\"><input type=\"checkbox\" id=\"wpforms-397-field_4_2\" name=\"wpforms[fields][4][]\" value=\"Saber mais informa\u00e7\u00f5es\" aria-errormessage=\"wpforms-397-field_4_2-error\"  ><label class=\"wpforms-field-label-inline\" for=\"wpforms-397-field_4_2\">Saber mais informa\u00e7\u00f5es<\/label><\/li><li class=\"choice-3 depth-1\"><input type=\"checkbox\" id=\"wpforms-397-field_4_3\" name=\"wpforms[fields][4][]\" value=\"D\u00favidas\" aria-errormessage=\"wpforms-397-field_4_3-error\"  ><label class=\"wpforms-field-label-inline\" for=\"wpforms-397-field_4_3\">D\u00favidas<\/label><\/li><li class=\"choice-4 depth-1\"><input type=\"checkbox\" id=\"wpforms-397-field_4_4\" name=\"wpforms[fields][4][]\" value=\"Outros\" aria-errormessage=\"wpforms-397-field_4_4-error\"  ><label class=\"wpforms-field-label-inline\" for=\"wpforms-397-field_4_4\">Outros<\/label><\/li><\/ul><\/fieldset><\/div><div id=\"wpforms-397-field_3-container\" class=\"wpforms-field wpforms-field-textarea\" data-field-id=\"3\"><label class=\"wpforms-field-label\" for=\"wpforms-397-field_3\">Mensagem<\/label><textarea id=\"wpforms-397-field_3\" class=\"wpforms-field-medium\" name=\"wpforms[fields][3]\" aria-errormessage=\"wpforms-397-field_3-error\" ><\/textarea><\/div><div id=\"wpforms-397-field_6-container\" class=\"wpforms-field wpforms-field-checkbox\" data-field-id=\"6\"><fieldset><legend class=\"wpforms-field-label\">Pol\u00edtica de Privacidade \ud83d\udd12<\/legend><ul id=\"wpforms-397-field_6\"><li class=\"choice-1 depth-1 wpforms-selected\"><input type=\"checkbox\" id=\"wpforms-397-field_6_1\" name=\"wpforms[fields][6][]\" value=\"Concordo \u2705\" aria-errormessage=\"wpforms-397-field_6_1-error\" aria-describedby=\"wpforms-397-field_6-description\"   checked='checked'><label class=\"wpforms-field-label-inline\" for=\"wpforms-397-field_6_1\">Concordo \u2705<\/label><\/li><\/ul><div id=\"wpforms-397-field_6-description\" class=\"wpforms-field-description\">Declaro, para todos os fins ser titular dos dados pessoais inseridos no formul\u00e1rio acima e, desde j\u00e1, consinto com o tratamento dos mesmos para os fins do contato referido na respectiva mensagem inserida no campo apropriado para tanto.<\/div><\/fieldset><\/div><script>\n\t\t\t\t( function() {\n\t\t\t\t\tconst style = document.createElement( 'style' );\n\t\t\t\t\tstyle.appendChild( document.createTextNode( '#wpforms-397-field_7-container { position: absolute !important; overflow: hidden !important; display: inline !important; height: 1px !important; width: 1px !important; z-index: -1000 !important; padding: 0 !important; } #wpforms-397-field_7-container input { visibility: hidden; } #wpforms-conversational-form-page #wpforms-397-field_7-container label { counter-increment: none; }' ) );\n\t\t\t\t\tdocument.head.appendChild( style );\n\t\t\t\t\tdocument.currentScript?.remove();\n\t\t\t\t} )();\n\t\t\t<\/script><\/div><!-- .wpforms-field-container --><div class=\"wpforms-submit-container\" ><input type=\"hidden\" name=\"wpforms[id]\" value=\"397\"><input type=\"hidden\" name=\"page_title\" value=\"\"><input type=\"hidden\" name=\"page_url\" value=\"https:\/\/dradaianepaloschi.com.br\/es\/wp-json\/wp\/v2\/pages\/145\"><input type=\"hidden\" name=\"url_referer\" value=\"\"><button type=\"submit\" name=\"wpforms[submit]\" id=\"wpforms-submit-397\" class=\"wpforms-submit\" data-alt-text=\"Enviando\u2026\" data-submit-text=\"Enviar\" aria-live=\"assertive\" value=\"wpforms-submit\">Enviar<\/button><img decoding=\"async\" src=\"https:\/\/dradaianepaloschi.com.br\/wp-content\/plugins\/wpforms-lite\/assets\/images\/submit-spin.svg\" class=\"wpforms-submit-spinner\" style=\"display: none;\" width=\"26\" height=\"26\" alt=\"Cargando\"><\/div><\/form><\/div>  <!-- .wpforms-container -->\t\n\t\t<\/div>\n\t<\/div>\n<\/div><\/div><\/div><div class=\"wpb_column vc_column_container vc_col-sm-6\"><div class=\"vc_column-inner\"><div class=\"wpb_wrapper\"><\/div><\/div><\/div><\/div><\/div><\/div><\/div><div class=\"wpb_column vc_column_container vc_col-sm-1\"><div class=\"vc_column-inner\"><div class=\"wpb_wrapper\"><\/div><\/div><\/div><\/div><\/div><\/div><div class=\"vc_row-full-width vc_clearfix\"><\/div>\n<\/div>","protected":false},"excerpt":{"rendered":"Contato Por favor, activa JavaScript en tu navegador para completar este formulario.Por favor, activa JavaScript en tu navegador para completar este formulario.Nome e sobrenome *E-mail * E-mail e Telefone Telefone \/ WhatsappMotivo do contatoPrimeira ConsultaSaber mais informa\u00e7\u00f5esD\u00favidasOutrosMensagemPol\u00edtica de Privacidade \ud83d\udd12Concordo \u2705Declaro, para todos os fins ser titular dos dados pessoais inseridos no formul\u00e1rio acima e, [...]","protected":false},"author":1,"featured_media":0,"parent":0,"menu_order":0,"comment_status":"closed","ping_status":"closed","template":"","meta":{"_daextam_enable_autolinks":"1","footnotes":""},"class_list":["post-145","page","type-page","status-publish","hentry","no-thumb"],"yoast_head":"<!-- This site is optimized with the Yoast SEO Premium plugin v25.4 (Yoast SEO v27.4) - https:\/\/yoast.com\/product\/yoast-seo-premium-wordpress\/ -->\n<title>Contato<\/title>\n<meta name=\"description\" content=\"Entre em contato\" \/>\n<meta name=\"robots\" content=\"index, follow, max-snippet:-1, max-image-preview:large, max-video-preview:-1\" \/>\n<link rel=\"canonical\" href=\"https:\/\/dradaianepaloschi.com.br\/es\/contato\/\" \/>\n<meta property=\"og:locale\" content=\"es_ES\" \/>\n<meta property=\"og:type\" content=\"article\" \/>\n<meta property=\"og:title\" content=\"Contato\" \/>\n<meta property=\"og:description\" content=\"Entre em contato\" \/>\n<meta property=\"og:url\" content=\"https:\/\/dradaianepaloschi.com.br\/es\/contato\/\" \/>\n<meta property=\"og:site_name\" content=\"Dra. Daiane Paloschi\" \/>\n<meta property=\"article:modified_time\" content=\"2025-09-25T14:52:45+00:00\" \/>\n<meta property=\"og:image\" content=\"https:\/\/dradaianepaloschi.com.br\/wp-content\/uploads\/2025\/01\/01-LOGO-RGB-QUADRADO.webp\" \/>\n\t<meta property=\"og:image:width\" content=\"1920\" \/>\n\t<meta property=\"og:image:height\" content=\"1920\" \/>\n\t<meta property=\"og:image:type\" content=\"image\/jpeg\" \/>\n<meta name=\"twitter:card\" content=\"summary_large_image\" \/>\n<meta name=\"twitter:label1\" content=\"Tiempo de lectura\" \/>\n\t<meta name=\"twitter:data1\" content=\"1 minuto\" \/>\n<script type=\"application\/ld+json\" class=\"yoast-schema-graph\">{\"@context\":\"https:\\\/\\\/schema.org\",\"@graph\":[{\"@type\":\"WebPage\",\"@id\":\"https:\\\/\\\/dradaianepaloschi.com.br\\\/contato\\\/\",\"url\":\"https:\\\/\\\/dradaianepaloschi.com.br\\\/contato\\\/\",\"name\":\"Contato\",\"isPartOf\":{\"@id\":\"https:\\\/\\\/dradaianepaloschi.com.br\\\/#website\"},\"datePublished\":\"2025-09-24T15:53:49+00:00\",\"dateModified\":\"2025-09-25T14:52:45+00:00\",\"description\":\"Entre em contato\",\"breadcrumb\":{\"@id\":\"https:\\\/\\\/dradaianepaloschi.com.br\\\/contato\\\/#breadcrumb\"},\"inLanguage\":\"es\",\"potentialAction\":[{\"@type\":\"ReadAction\",\"target\":[\"https:\\\/\\\/dradaianepaloschi.com.br\\\/contato\\\/\"]}]},{\"@type\":\"BreadcrumbList\",\"@id\":\"https:\\\/\\\/dradaianepaloschi.com.br\\\/contato\\\/#breadcrumb\",\"itemListElement\":[{\"@type\":\"ListItem\",\"position\":1,\"name\":\"Home\",\"item\":\"https:\\\/\\\/dradaianepaloschi.com.br\\\/\"},{\"@type\":\"ListItem\",\"position\":2,\"name\":\"Contato\"}]},{\"@type\":\"WebSite\",\"@id\":\"https:\\\/\\\/dradaianepaloschi.com.br\\\/#website\",\"url\":\"https:\\\/\\\/dradaianepaloschi.com.br\\\/\",\"name\":\"Dra. Daiane Palosci - Odontologia - Especialista em Ronco e Apn\u00e9ia do Sono\",\"description\":\"Cirurgi\u00e3 Dentista - Especialista em Ronco e Apn\u00e9ia do Sono\",\"publisher\":{\"@id\":\"https:\\\/\\\/dradaianepaloschi.com.br\\\/#organization\"},\"alternateName\":\"Dra. Daiane Palosci - Cirurgi\u00e3 Dentista - Especialista em Ronco e Apn\u00e9ia do Sono\",\"potentialAction\":[{\"@type\":\"SearchAction\",\"target\":{\"@type\":\"EntryPoint\",\"urlTemplate\":\"https:\\\/\\\/dradaianepaloschi.com.br\\\/?s={search_term_string}\"},\"query-input\":{\"@type\":\"PropertyValueSpecification\",\"valueRequired\":true,\"valueName\":\"search_term_string\"}}],\"inLanguage\":\"es\"},{\"@type\":\"Organization\",\"@id\":\"https:\\\/\\\/dradaianepaloschi.com.br\\\/#organization\",\"name\":\"Dra. Daiane Palosci - Cirurgi\u00e3 Dentista - Especialista em Ronco e Apn\u00e9ia do Sono\",\"alternateName\":\"Dra. Daiane Palosci - Odontologia - Especialista em Ronco e Apn\u00e9ia do Sono\",\"url\":\"https:\\\/\\\/dradaianepaloschi.com.br\\\/\",\"logo\":{\"@type\":\"ImageObject\",\"inLanguage\":\"es\",\"@id\":\"https:\\\/\\\/dradaianepaloschi.com.br\\\/#\\\/schema\\\/logo\\\/image\\\/\",\"url\":\"https:\\\/\\\/dradaianepaloschi.com.br\\\/wp-content\\\/uploads\\\/2025\\\/01\\\/01-LOGO-RGB-QUADRADO.jpg\",\"contentUrl\":\"https:\\\/\\\/dradaianepaloschi.com.br\\\/wp-content\\\/uploads\\\/2025\\\/01\\\/01-LOGO-RGB-QUADRADO.jpg\",\"width\":1920,\"height\":1920,\"caption\":\"Dra. Daiane Palosci - Cirurgi\u00e3 Dentista - Especialista em Ronco e Apn\u00e9ia do Sono\"},\"image\":{\"@id\":\"https:\\\/\\\/dradaianepaloschi.com.br\\\/#\\\/schema\\\/logo\\\/image\\\/\"},\"sameAs\":[\"https:\\\/\\\/www.instagram.com\\\/dra.daipaloschi\\\/\",\"https:\\\/\\\/share.google\\\/aMXg1GzzLbdJn18kk\",\"https:\\\/\\\/www.ident.com.br\\\/Dra.Dai\\\/perfil-completo\"],\"email\":\"contato@dradaianepaloschi.com.br\",\"telephone\":\"+55 21 99622-9549\",\"foundingDate\":\"2010-01-02\",\"numberOfEmployees\":{\"@type\":\"QuantitativeValue\",\"minValue\":\"1\",\"maxValue\":\"10\"}}]}<\/script>\n<!-- \/ Yoast SEO Premium plugin. -->","yoast_head_json":{"title":"P\u00f3ngase en contacto con","description":"Entre em contato","robots":{"index":"index","follow":"follow","max-snippet":"max-snippet:-1","max-image-preview":"max-image-preview:large","max-video-preview":"max-video-preview:-1"},"canonical":"https:\/\/dradaianepaloschi.com.br\/es\/contato\/","og_locale":"es_ES","og_type":"article","og_title":"Contato","og_description":"Entre em contato","og_url":"https:\/\/dradaianepaloschi.com.br\/es\/contato\/","og_site_name":"Dra. Daiane Paloschi","article_modified_time":"2025-09-25T14:52:45+00:00","og_image":[{"width":1920,"height":1920,"url":"https:\/\/dradaianepaloschi.com.br\/wp-content\/uploads\/2025\/01\/01-LOGO-RGB-QUADRADO.webp","type":"image\/jpeg"}],"twitter_card":"summary_large_image","twitter_misc":{"Tiempo de lectura":"1 minuto"},"schema":{"@context":"https:\/\/schema.org","@graph":[{"@type":"WebPage","@id":"https:\/\/dradaianepaloschi.com.br\/contato\/","url":"https:\/\/dradaianepaloschi.com.br\/contato\/","name":"P\u00f3ngase en contacto con","isPartOf":{"@id":"https:\/\/dradaianepaloschi.com.br\/#website"},"datePublished":"2025-09-24T15:53:49+00:00","dateModified":"2025-09-25T14:52:45+00:00","description":"Entre em contato","breadcrumb":{"@id":"https:\/\/dradaianepaloschi.com.br\/contato\/#breadcrumb"},"inLanguage":"es","potentialAction":[{"@type":"ReadAction","target":["https:\/\/dradaianepaloschi.com.br\/contato\/"]}]},{"@type":"BreadcrumbList","@id":"https:\/\/dradaianepaloschi.com.br\/contato\/#breadcrumb","itemListElement":[{"@type":"ListItem","position":1,"name":"Home","item":"https:\/\/dradaianepaloschi.com.br\/"},{"@type":"ListItem","position":2,"name":"Contato"}]},{"@type":"WebSite","@id":"https:\/\/dradaianepaloschi.com.br\/#website","url":"https:\/\/dradaianepaloschi.com.br\/","name":"Dra. Daiane Palosci - Odontologia - Especialista em Ronco e Apn\u00e9ia do Sono","description":"Cirurgi\u00e3 Dentista - Especialista em Ronco e Apn\u00e9ia do Sono","publisher":{"@id":"https:\/\/dradaianepaloschi.com.br\/#organization"},"alternateName":"Dra. Daiane Palosci - Cirurgi\u00e3 Dentista - Especialista em Ronco e Apn\u00e9ia do Sono","potentialAction":[{"@type":"SearchAction","target":{"@type":"EntryPoint","urlTemplate":"https:\/\/dradaianepaloschi.com.br\/?s={search_term_string}"},"query-input":{"@type":"PropertyValueSpecification","valueRequired":true,"valueName":"search_term_string"}}],"inLanguage":"es"},{"@type":"Organization","@id":"https:\/\/dradaianepaloschi.com.br\/#organization","name":"Dra. Daiane Palosci - Cirurgi\u00e3 Dentista - Especialista em Ronco e Apn\u00e9ia do Sono","alternateName":"Dra. Daiane Palosci - Odontologia - Especialista em Ronco e Apn\u00e9ia do Sono","url":"https:\/\/dradaianepaloschi.com.br\/","logo":{"@type":"ImageObject","inLanguage":"es","@id":"https:\/\/dradaianepaloschi.com.br\/#\/schema\/logo\/image\/","url":"https:\/\/dradaianepaloschi.com.br\/wp-content\/uploads\/2025\/01\/01-LOGO-RGB-QUADRADO.jpg","contentUrl":"https:\/\/dradaianepaloschi.com.br\/wp-content\/uploads\/2025\/01\/01-LOGO-RGB-QUADRADO.jpg","width":1920,"height":1920,"caption":"Dra. Daiane Palosci - Cirurgi\u00e3 Dentista - Especialista em Ronco e Apn\u00e9ia do Sono"},"image":{"@id":"https:\/\/dradaianepaloschi.com.br\/#\/schema\/logo\/image\/"},"sameAs":["https:\/\/www.instagram.com\/dra.daipaloschi\/","https:\/\/share.google\/aMXg1GzzLbdJn18kk","https:\/\/www.ident.com.br\/Dra.Dai\/perfil-completo"],"email":"contato@dradaianepaloschi.com.br","telephone":"+55 21 99622-9549","foundingDate":"2010-01-02","numberOfEmployees":{"@type":"QuantitativeValue","minValue":"1","maxValue":"10"}}]}},"_links":{"self":[{"href":"https:\/\/dradaianepaloschi.com.br\/es\/wp-json\/wp\/v2\/pages\/145","targetHints":{"allow":["GET"]}}],"collection":[{"href":"https:\/\/dradaianepaloschi.com.br\/es\/wp-json\/wp\/v2\/pages"}],"about":[{"href":"https:\/\/dradaianepaloschi.com.br\/es\/wp-json\/wp\/v2\/types\/page"}],"author":[{"embeddable":true,"href":"https:\/\/dradaianepaloschi.com.br\/es\/wp-json\/wp\/v2\/users\/1"}],"replies":[{"embeddable":true,"href":"https:\/\/dradaianepaloschi.com.br\/es\/wp-json\/wp\/v2\/comments?post=145"}],"version-history":[{"count":0,"href":"https:\/\/dradaianepaloschi.com.br\/es\/wp-json\/wp\/v2\/pages\/145\/revisions"}],"wp:attachment":[{"href":"https:\/\/dradaianepaloschi.com.br\/es\/wp-json\/wp\/v2\/media?parent=145"}],"curies":[{"name":"wp","href":"https:\/\/api.w.org\/{rel}","templated":true}]}}